{"id":1316,"date":"2024-03-17T12:12:20","date_gmt":"2024-03-17T17:12:20","guid":{"rendered":"https:\/\/curewmc.com\/?page_id=1316"},"modified":"2024-03-25T11:27:44","modified_gmt":"2024-03-25T16:27:44","slug":"terapia-de-oxigeno-hiperbarico","status":"publish","type":"page","link":"https:\/\/curewmc.com\/?page_id=1316&lang=es","title":{"rendered":"Terapia de ox\u00edgeno hiperb\u00e1rico"},"content":{"rendered":"\n<p>La oxigenoterapia hiperb\u00e1rica (TOHB) es un tratamiento m\u00e9dico que consiste en respirar ox\u00edgeno puro en una habitaci\u00f3n o c\u00e1mara presurizada. El aumento de la presi\u00f3n y los niveles de ox\u00edgeno ayudan a su cuerpo a transportar m\u00e1s ox\u00edgeno a sus tejidos, promoviendo la curaci\u00f3n y el bienestar general.<\/p>\n\n\n\n<p>What Is Hyperbaric Oxygen Therapy? Hyperbaric oxygen therapy (HBOT) is a medical treatment that involves breathing pure oxygen in a pressurized room or chamber. The increased pressure and oxygen levels help your body carry more oxygen to your tissues, promoting healing and overall well-being.<\/p>\n\n\n\n<p><em>clear<\/em><\/p>\n\n\n\n<p><\/p>\n\n\n\n<h2 class=\"wp-block-heading\" id=\"ucj-11\">\u00bfQu\u00e9 es la terapia de ox\u00edgeno hiperb\u00e1rico? <\/h2>\n\n\n\n<p>La oxigenoterapia hiperb\u00e1rica (TOHB) es un tratamiento m\u00e9dico que consiste en respirar ox\u00edgeno puro en una habitaci\u00f3n o c\u00e1mara presurizada. El aumento de la presi\u00f3n y los niveles de ox\u00edgeno ayudan a su cuerpo a transportar m\u00e1s ox\u00edgeno a sus tejidos, promoviendo la curaci\u00f3n y el bienestar general. TOHB act\u00faa aumentando la concentraci\u00f3n de ox\u00edgeno en la sangre, lo que a su vez suministra m\u00e1s ox\u00edgeno a los tejidos del cuerpo. Este proceso ayuda al cuerpo a sanar, reduce la inflamaci\u00f3n y aumenta la capacidad del sistema inmunol\u00f3gico para combatir infecciones.<\/p>\n\n\n\n<p>Paquetes <\/p>\n\n\n\n<figure class=\"wp-block-image size-large\"><img loading=\"lazy\" decoding=\"async\" width=\"1024\" height=\"512\" src=\"https:\/\/curewmc.com\/wp-content\/uploads\/2024\/03\/Oxigenoterapia-hiperbarica-Bienvenido-a-HBOT-Planet-el-principal-centro-de-bienestar-de-terapia-con-oxigeno-hiperbarico-TOHB-ubicado-en-el-corazon-de-Corona-CA.-Nuestra-mision-es-brindarle-una-3-1024x512.png\" alt=\"\" class=\"wp-image-1344\" srcset=\"https:\/\/curewmc.com\/wp-content\/uploads\/2024\/03\/Oxigenoterapia-hiperbarica-Bienvenido-a-HBOT-Planet-el-principal-centro-de-bienestar-de-terapia-con-oxigeno-hiperbarico-TOHB-ubicado-en-el-corazon-de-Corona-CA.-Nuestra-mision-es-brindarle-una-3-1024x512.png 1024w, https:\/\/curewmc.com\/wp-content\/uploads\/2024\/03\/Oxigenoterapia-hiperbarica-Bienvenido-a-HBOT-Planet-el-principal-centro-de-bienestar-de-terapia-con-oxigeno-hiperbarico-TOHB-ubicado-en-el-corazon-de-Corona-CA.-Nuestra-mision-es-brindarle-una-3-300x150.png 300w, https:\/\/curewmc.com\/wp-content\/uploads\/2024\/03\/Oxigenoterapia-hiperbarica-Bienvenido-a-HBOT-Planet-el-principal-centro-de-bienestar-de-terapia-con-oxigeno-hiperbarico-TOHB-ubicado-en-el-corazon-de-Corona-CA.-Nuestra-mision-es-brindarle-una-3-768x384.png 768w, https:\/\/curewmc.com\/wp-content\/uploads\/2024\/03\/Oxigenoterapia-hiperbarica-Bienvenido-a-HBOT-Planet-el-principal-centro-de-bienestar-de-terapia-con-oxigeno-hiperbarico-TOHB-ubicado-en-el-corazon-de-Corona-CA.-Nuestra-mision-es-brindarle-una-3-1536x768.png 1536w, https:\/\/curewmc.com\/wp-content\/uploads\/2024\/03\/Oxigenoterapia-hiperbarica-Bienvenido-a-HBOT-Planet-el-principal-centro-de-bienestar-de-terapia-con-oxigeno-hiperbarico-TOHB-ubicado-en-el-corazon-de-Corona-CA.-Nuestra-mision-es-brindarle-una-3-2048x1024.png 2048w, https:\/\/curewmc.com\/wp-content\/uploads\/2024\/03\/Oxigenoterapia-hiperbarica-Bienvenido-a-HBOT-Planet-el-principal-centro-de-bienestar-de-terapia-con-oxigeno-hiperbarico-TOHB-ubicado-en-el-corazon-de-Corona-CA.-Nuestra-mision-es-brindarle-una-3-100x50.png 100w\" sizes=\"auto, (max-width: 1024px) 100vw, 1024px\" \/><\/figure>\n\n\n\n<div class=\"wp-block-columns is-layout-flex wp-container-core-columns-is-layout-9d6595d7 wp-block-columns-is-layout-flex\">\n<div class=\"wp-block-column is-layout-flow wp-block-column-is-layout-flow\" style=\"flex-basis:100%\">\n<div class=\"wp-block-columns is-layout-flex wp-container-core-columns-is-layout-9d6595d7 wp-block-columns-is-layout-flex\">\n<div class=\"wp-block-column is-layout-flow wp-block-column-is-layout-flow\">\n<figure class=\"wp-block-image size-full\"><a href=\"https:\/\/curewmc.com\/?product=single-hyperbaric-90-min-session\"><img loading=\"lazy\" decoding=\"async\" width=\"297\" height=\"454\" src=\"https:\/\/curewmc.com\/wp-content\/uploads\/2024\/03\/Diseno-sin-titulo-2024-03-17T115154.457.png\" alt=\"\" class=\"wp-image-1304\" srcset=\"https:\/\/curewmc.com\/wp-content\/uploads\/2024\/03\/Diseno-sin-titulo-2024-03-17T115154.457.png 297w, https:\/\/curewmc.com\/wp-content\/uploads\/2024\/03\/Diseno-sin-titulo-2024-03-17T115154.457-196x300.png 196w, https:\/\/curewmc.com\/wp-content\/uploads\/2024\/03\/Diseno-sin-titulo-2024-03-17T115154.457-100x153.png 100w\" sizes=\"auto, (max-width: 297px) 100vw, 297px\" \/><\/a><\/figure>\n<\/div>\n\n\n\n<div class=\"wp-block-column is-layout-flow wp-block-column-is-layout-flow\">\n<figure class=\"wp-block-image size-full\"><a href=\"https:\/\/curewmc.com\/?product=paquete-enhance-rebuild-focus-10-sesiones-de-60-minutos\"><img loading=\"lazy\" decoding=\"async\" width=\"297\" height=\"454\" src=\"https:\/\/curewmc.com\/wp-content\/uploads\/2024\/03\/Diseno-sin-titulo-2024-03-17T114949.491-1.png\" alt=\"\" class=\"wp-image-1305\" srcset=\"https:\/\/curewmc.com\/wp-content\/uploads\/2024\/03\/Diseno-sin-titulo-2024-03-17T114949.491-1.png 297w, https:\/\/curewmc.com\/wp-content\/uploads\/2024\/03\/Diseno-sin-titulo-2024-03-17T114949.491-1-196x300.png 196w, https:\/\/curewmc.com\/wp-content\/uploads\/2024\/03\/Diseno-sin-titulo-2024-03-17T114949.491-1-100x153.png 100w\" sizes=\"auto, (max-width: 297px) 100vw, 297px\" \/><\/a><\/figure>\n<\/div>\n\n\n\n<div class=\"wp-block-column is-layout-flow wp-block-column-is-layout-flow\">\n<figure class=\"wp-block-image size-full\"><a href=\"https:\/\/curewmc.com\/?product=single-hyperbaric-60-min-session\"><img loading=\"lazy\" decoding=\"async\" width=\"297\" height=\"454\" src=\"https:\/\/curewmc.com\/wp-content\/uploads\/2024\/03\/Diseno-sin-titulo-2024-03-17T114939.479-1.png\" alt=\"\" class=\"wp-image-1306\" srcset=\"https:\/\/curewmc.com\/wp-content\/uploads\/2024\/03\/Diseno-sin-titulo-2024-03-17T114939.479-1.png 297w, https:\/\/curewmc.com\/wp-content\/uploads\/2024\/03\/Diseno-sin-titulo-2024-03-17T114939.479-1-196x300.png 196w, https:\/\/curewmc.com\/wp-content\/uploads\/2024\/03\/Diseno-sin-titulo-2024-03-17T114939.479-1-100x153.png 100w\" sizes=\"auto, (max-width: 297px) 100vw, 297px\" \/><\/a><\/figure>\n<\/div>\n<\/div>\n<\/div>\n<\/div>\n\n\n\n<div class=\"wp-block-columns is-layout-flex wp-container-core-columns-is-layout-9d6595d7 wp-block-columns-is-layout-flex\">\n<div class=\"wp-block-column is-layout-flow wp-block-column-is-layout-flow\">\n<figure class=\"wp-block-image size-full\"><a href=\"https:\/\/curewmc.com\/?product=paquete-restore-clarity-relax-3-sesiones-de-60-minutos\"><img loading=\"lazy\" decoding=\"async\" width=\"297\" height=\"454\" src=\"https:\/\/curewmc.com\/wp-content\/uploads\/2024\/03\/Paquete-Restore-Clarity-Relax-3-sesiones-de-60-minutos-por.png\" alt=\"\" class=\"wp-image-1309\" srcset=\"https:\/\/curewmc.com\/wp-content\/uploads\/2024\/03\/Paquete-Restore-Clarity-Relax-3-sesiones-de-60-minutos-por.png 297w, https:\/\/curewmc.com\/wp-content\/uploads\/2024\/03\/Paquete-Restore-Clarity-Relax-3-sesiones-de-60-minutos-por-196x300.png 196w, https:\/\/curewmc.com\/wp-content\/uploads\/2024\/03\/Paquete-Restore-Clarity-Relax-3-sesiones-de-60-minutos-por-100x153.png 100w\" sizes=\"auto, (max-width: 297px) 100vw, 297px\" \/><\/a><\/figure>\n<\/div>\n<\/div>\n","protected":false},"excerpt":{"rendered":"<p>La oxigenoterapia hiperb\u00e1rica (TOHB) es un tratamiento m\u00e9dico que consiste en respirar ox\u00edgeno puro en una habitaci\u00f3n o c\u00e1mara presurizada.<span class=\"exprt-dot\"><\/span><\/p>\n","protected":false},"author":1,"featured_media":1360,"parent":0,"menu_order":0,"comment_status":"closed","ping_status":"closed","template":"","meta":{"_joinchat":[],"footnotes":""},"class_list":["post-1316","page","type-page","status-publish","has-post-thumbnail","hentry"],"_links":{"self":[{"href":"https:\/\/curewmc.com\/index.php?rest_route=\/wp\/v2\/pages\/1316","targetHints":{"allow":["GET"]}}],"collection":[{"href":"https:\/\/curewmc.com\/index.php?rest_route=\/wp\/v2\/pages"}],"about":[{"href":"https:\/\/curewmc.com\/index.php?rest_route=\/wp\/v2\/types\/page"}],"author":[{"embeddable":true,"href":"https:\/\/curewmc.com\/index.php?rest_route=\/wp\/v2\/users\/1"}],"replies":[{"embeddable":true,"href":"https:\/\/curewmc.com\/index.php?rest_route=%2Fwp%2Fv2%2Fcomments&post=1316"}],"version-history":[{"count":5,"href":"https:\/\/curewmc.com\/index.php?rest_route=\/wp\/v2\/pages\/1316\/revisions"}],"predecessor-version":[{"id":1346,"href":"https:\/\/curewmc.com\/index.php?rest_route=\/wp\/v2\/pages\/1316\/revisions\/1346"}],"wp:featuredmedia":[{"embeddable":true,"href":"https:\/\/curewmc.com\/index.php?rest_route=\/wp\/v2\/media\/1360"}],"wp:attachment":[{"href":"https:\/\/curewmc.com\/index.php?rest_route=%2Fwp%2Fv2%2Fmedia&parent=1316"}],"curies":[{"name":"wp","href":"https:\/\/api.w.org\/{rel}","templated":true}]}}