{"id":567,"date":"2023-03-28T15:21:51","date_gmt":"2023-03-28T20:21:51","guid":{"rendered":"https:\/\/curewmc.com\/?page_id=567"},"modified":"2023-03-28T15:38:12","modified_gmt":"2023-03-28T20:38:12","slug":"la-coctelera-de-vitaminas-mas-energetica","status":"publish","type":"page","link":"https:\/\/curewmc.com\/?page_id=567&lang=es","title":{"rendered":"Coctel de Vitaminas Energy &#038; Detox IV"},"content":{"rendered":"\n<p><\/p>\n\n\n\n<p><strong>Esta potente mezcla de vitaminas del grupo B<\/strong> y minerales le da un toque moderno al cl\u00e1sico suero energ\u00e9tico, con una gama expandida de nutrientes para energizar su cuerpo por dentro y por fuera. Las vitaminas del grupo B proporcionan un impulso de energ\u00eda y claridad mental al tiempo que desintoxican el cuerpo, y el calcio trabaja junto con el magnesio y la vitamina C para mantener la salud muscular y \u00f3sea. Su cuerpo acaba de descubrir una nueva forma de bienestar, y se llama <strong>Coctel de Vitaminas Energy &amp; Detox IV.<\/strong><\/p>\n\n\n\n<p><strong>Ingredientes <\/strong><\/p>\n\n\n\n<p><strong>\u2022 B1, B2, B3, B5, B6, B12: <\/strong> Proporciona un impulso de energ\u00eda, claridad mental y reducci\u00f3n del estr\u00e9s. <br><strong>\u2022 Vitamina C:  <\/strong>Mejora la funci\u00f3n metab\u00f3lica y el sistema inmunol\u00f3gico de las c\u00e9lulas. <br><strong>\u2022 Magnesio: <\/strong> Mejora la salud del sistema nervioso. <br><strong>\u2022 Zinc:<\/strong>  Creaci\u00f3n de ADN, crecimiento de c\u00e9lulas, construcci\u00f3n de prote\u00ednas, curaci\u00f3n de tejidos da\u00f1ados y apoyo a un sistema inmunol\u00f3gico saludable.<br><strong> \u2022 Taurina:<\/strong>  Funciona en el coraz\u00f3n y el cerebro, ayuda a apoyar el crecimiento nervioso y aumentar los niveles de energ\u00eda.<\/p>\n","protected":false},"excerpt":{"rendered":"<p>Esta potente mezcla de vitaminas del grupo B y minerales le da un toque moderno al cl\u00e1sico suero energ\u00e9tico, con<span class=\"exprt-dot\"><\/span><\/p>\n","protected":false},"author":1,"featured_media":572,"parent":0,"menu_order":0,"comment_status":"closed","ping_status":"closed","template":"","meta":{"_joinchat":[],"footnotes":""},"class_list":["post-567","page","type-page","status-publish","has-post-thumbnail","hentry"],"_links":{"self":[{"href":"https:\/\/curewmc.com\/index.php?rest_route=\/wp\/v2\/pages\/567","targetHints":{"allow":["GET"]}}],"collection":[{"href":"https:\/\/curewmc.com\/index.php?rest_route=\/wp\/v2\/pages"}],"about":[{"href":"https:\/\/curewmc.com\/index.php?rest_route=\/wp\/v2\/types\/page"}],"author":[{"embeddable":true,"href":"https:\/\/curewmc.com\/index.php?rest_route=\/wp\/v2\/users\/1"}],"replies":[{"embeddable":true,"href":"https:\/\/curewmc.com\/index.php?rest_route=%2Fwp%2Fv2%2Fcomments&post=567"}],"version-history":[{"count":3,"href":"https:\/\/curewmc.com\/index.php?rest_route=\/wp\/v2\/pages\/567\/revisions"}],"predecessor-version":[{"id":584,"href":"https:\/\/curewmc.com\/index.php?rest_route=\/wp\/v2\/pages\/567\/revisions\/584"}],"wp:featuredmedia":[{"embeddable":true,"href":"https:\/\/curewmc.com\/index.php?rest_route=\/wp\/v2\/media\/572"}],"wp:attachment":[{"href":"https:\/\/curewmc.com\/index.php?rest_route=%2Fwp%2Fv2%2Fmedia&parent=567"}],"curies":[{"name":"wp","href":"https:\/\/api.w.org\/{rel}","templated":true}]}}