{"id":59,"date":"2022-03-05T20:50:16","date_gmt":"2022-03-06T01:50:16","guid":{"rendered":"https:\/\/curewmc.com\/?page_id=59"},"modified":"2022-03-20T18:44:02","modified_gmt":"2022-03-20T23:44:02","slug":"terapia-fisica","status":"publish","type":"page","link":"https:\/\/curewmc.com\/?page_id=59&lang=es","title":{"rendered":"Terapia F\u00edsica"},"content":{"rendered":"\n<h3 class=\"wp-block-heading\"><\/h3>\n\n\n\n<hr class=\"wp-block-separator\"\/>\n\n\n\n<p>La\u00a0<strong>terapia f\u00edsica<\/strong>\u00a0consiste en un tratamiento que se realiza con la ayuda de medios f\u00edsicos como la actividad\u00a0<strong>f\u00edsica<\/strong>\u00a0y otras t\u00e9cnicas como la electroterapia y magnetoterapia se pone en pr\u00e1ctica el uso combinado de medidas f\u00edsicas, tales como terapias de calor y fr\u00edo, ultrasonido, estimulaci\u00f3n el\u00e9ctrica, entrenamiento f\u00edsico con ejercicios terap\u00e9uticos, as\u00ed como movimiento y modificaci\u00f3n de actividades. <\/p>\n\n\n\n<p>Las condiciones m\u00e1s comunes que son tratadas son el dolor de cuello y espalda, lesiones deportivas, s\u00edndrome de dolor musculo-esquel\u00e9ticos, tensiones musculares y la fibromialgia.<\/p>\n","protected":false},"excerpt":{"rendered":"<p>A trav\u00e9s de la terapia f\u00edsica te ayudamos  a recuperar el movimiento y la fuerza de partes fundamentales del cuerpo despu\u00e9s de una enfermedad o una lesi\u00f3n.<\/p>\n","protected":false},"author":1,"featured_media":60,"parent":0,"menu_order":0,"comment_status":"closed","ping_status":"closed","template":"","meta":{"_joinchat":[],"footnotes":""},"class_list":["post-59","page","type-page","status-publish","has-post-thumbnail","hentry"],"_links":{"self":[{"href":"https:\/\/curewmc.com\/index.php?rest_route=\/wp\/v2\/pages\/59","targetHints":{"allow":["GET"]}}],"collection":[{"href":"https:\/\/curewmc.com\/index.php?rest_route=\/wp\/v2\/pages"}],"about":[{"href":"https:\/\/curewmc.com\/index.php?rest_route=\/wp\/v2\/types\/page"}],"author":[{"embeddable":true,"href":"https:\/\/curewmc.com\/index.php?rest_route=\/wp\/v2\/users\/1"}],"replies":[{"embeddable":true,"href":"https:\/\/curewmc.com\/index.php?rest_route=%2Fwp%2Fv2%2Fcomments&post=59"}],"version-history":[{"count":6,"href":"https:\/\/curewmc.com\/index.php?rest_route=\/wp\/v2\/pages\/59\/revisions"}],"predecessor-version":[{"id":460,"href":"https:\/\/curewmc.com\/index.php?rest_route=\/wp\/v2\/pages\/59\/revisions\/460"}],"wp:featuredmedia":[{"embeddable":true,"href":"https:\/\/curewmc.com\/index.php?rest_route=\/wp\/v2\/media\/60"}],"wp:attachment":[{"href":"https:\/\/curewmc.com\/index.php?rest_route=%2Fwp%2Fv2%2Fmedia&parent=59"}],"curies":[{"name":"wp","href":"https:\/\/api.w.org\/{rel}","templated":true}]}}