{"id":649,"date":"2023-04-01T15:09:35","date_gmt":"2023-04-01T20:09:35","guid":{"rendered":"https:\/\/curewmc.com\/?page_id=649"},"modified":"2023-04-10T10:49:06","modified_gmt":"2023-04-10T15:49:06","slug":"programa-de-perdida-de-peso-semaglutide-2","status":"publish","type":"page","link":"https:\/\/curewmc.com\/?page_id=649&lang=es","title":{"rendered":"Programa de perdida de peso"},"content":{"rendered":"\n<p><\/p>\n\n\n\n<p>En Cure Wellness Medical Center tenemos los siguientes programas:<\/p>\n\n\n\n<p><strong>Semaglutide?<\/strong><\/p>\n\n\n\n<p>Semaglutide es un medicamento inyectable que se usa com\u00fanmente para tratar la diabetes tipo 2. Sin embargo, recientemente se ha descubierto que tambi\u00e9n es efectivo para ayudar a las personas a perder peso de manera efectiva y segura. El programa de p\u00e9rdida de peso con semaglutide se basa en el uso de este medicamento inyectable para ayudar a controlar el apetito y aumentar la sensaci\u00f3n de saciedad. El medicamento act\u00faa en el cerebro para reducir la sensaci\u00f3n de hambre y aumentar la sensaci\u00f3n de saciedad, lo que ayuda a las personas a comer menos y perder peso de manera efectiva.<\/p>\n\n\n\n<p><\/p>\n\n\n\n<p><strong>Inyecci\u00f3n para la p\u00e9rdida de peso y energ\u00eda de B12 <\/strong><\/p>\n\n\n\n<p>La cianocobalamina es una forma sint\u00e9tica de vitamina B12 utilizada para tratar los bajos niveles (deficiencia) de esta vitamina. La vitamina B12 ayuda al cuerpo a utilizar la grasa y los carbohidratos para obtener energ\u00eda y crear nuevas prote\u00ednas. Tambi\u00e9n es importante para la sangre, las c\u00e9lulas y los nervios normales. La mayor\u00eda de las personas obtienen suficiente vitamina B12 en su dieta, pero puede ocurrir una deficiencia en ciertas condiciones de salud (como una mala nutrici\u00f3n, problemas estomacales\/intestinales, infecciones o c\u00e1ncer). Una deficiencia grave de vitamina B12 puede causar anemia, problemas estomacales y da\u00f1o nervioso.<br><\/p>\n\n\n\n<p><strong>Inyecci\u00f3n para la p\u00e9rdida de peso y energ\u00eda de B12 y L-Carnitina PLUS <\/strong><\/p>\n\n\n\n<p>La cianocobalamina es una forma sint\u00e9tica de vitamina B12 utilizada para tratar los bajos niveles (deficiencia) de esta vitamina. La vitamina B12 ayuda al cuerpo a utilizar la grasa y los carbohidratos para obtener energ\u00eda y crear nuevas prote\u00ednas. Tambi\u00e9n es importante para la sangre, las c\u00e9lulas y los nervios normales. La mayor\u00eda de las personas obtienen suficiente vitamina B12 en su dieta, pero puede ocurrir una deficiencia en ciertas condiciones de salud (como una mala nutrici\u00f3n, problemas estomacales\/intestinales, infecciones o c\u00e1ncer). Una deficiencia grave de vitamina B12 puede causar anemia, problemas estomacales y da\u00f1o nervioso.<\/p>\n\n\n\n<p>La L-carnitina quema grasa, lo que no solo disminuye la cantidad de grasa que su cuerpo almacena, sino que tambi\u00e9n ayuda a reducir la grasa visceral del abdomen, la que rodea sus \u00f3rganos vitales y puede llevar a enfermedades hep\u00e1ticas grasas y otras afecciones graves de salud.<\/p>\n\n\n\n<p><strong>La inyecci\u00f3n Lipo-C <\/strong><\/p>\n\n\n\n<p>Contiene una mezcla de compuestos que pueden ayudar a reducir el tejido adiposo (grasa). Los compuestos por s\u00ed solos pueden ser efectivos, pero en combinaci\u00f3n pueden exhibir una actividad lipotr\u00f3pica mayor que cuando se administran solos de manera sin\u00e9rgica.<\/p>\n\n\n\n<p>Por otro lado, las inyecciones Lipo-C tienen ingredientes ligeramente diferentes, aunque tambi\u00e9n son una excelente manera de promover una energ\u00eda saludable. Estas inyecciones contienen tres tipos de vitaminas B: B1, B5, B5. Tambi\u00e9n tienen tres tipos diferentes de amino\u00e1cidos, as\u00ed como L-Carnitina, que es un quemador de grasa. La combinaci\u00f3n \u00fanica ayudar\u00e1 a mantener un h\u00edgado saludable, promover la p\u00e9rdida de grasa y estimular tu metabolismo. Esta tambi\u00e9n es una gran inyecci\u00f3n para aumentar la energ\u00eda.<\/p>\n","protected":false},"excerpt":{"rendered":"<p>En Cure Wellness Medical Center tenemos los siguientes programas: Semaglutide? Semaglutide es un medicamento inyectable que se usa com\u00fanmente para<span class=\"exprt-dot\"><\/span><\/p>\n","protected":false},"author":1,"featured_media":650,"parent":0,"menu_order":0,"comment_status":"closed","ping_status":"closed","template":"","meta":{"_joinchat":[],"footnotes":""},"class_list":["post-649","page","type-page","status-publish","has-post-thumbnail","hentry"],"_links":{"self":[{"href":"https:\/\/curewmc.com\/index.php?rest_route=\/wp\/v2\/pages\/649","targetHints":{"allow":["GET"]}}],"collection":[{"href":"https:\/\/curewmc.com\/index.php?rest_route=\/wp\/v2\/pages"}],"about":[{"href":"https:\/\/curewmc.com\/index.php?rest_route=\/wp\/v2\/types\/page"}],"author":[{"embeddable":true,"href":"https:\/\/curewmc.com\/index.php?rest_route=\/wp\/v2\/users\/1"}],"replies":[{"embeddable":true,"href":"https:\/\/curewmc.com\/index.php?rest_route=%2Fwp%2Fv2%2Fcomments&post=649"}],"version-history":[{"count":3,"href":"https:\/\/curewmc.com\/index.php?rest_route=\/wp\/v2\/pages\/649\/revisions"}],"predecessor-version":[{"id":713,"href":"https:\/\/curewmc.com\/index.php?rest_route=\/wp\/v2\/pages\/649\/revisions\/713"}],"wp:featuredmedia":[{"embeddable":true,"href":"https:\/\/curewmc.com\/index.php?rest_route=\/wp\/v2\/media\/650"}],"wp:attachment":[{"href":"https:\/\/curewmc.com\/index.php?rest_route=%2Fwp%2Fv2%2Fmedia&parent=649"}],"curies":[{"name":"wp","href":"https:\/\/api.w.org\/{rel}","templated":true}]}}