{"id":673,"date":"2023-04-10T09:30:33","date_gmt":"2023-04-10T14:30:33","guid":{"rendered":"https:\/\/curewmc.com\/?page_id=673"},"modified":"2023-04-10T10:29:43","modified_gmt":"2023-04-10T15:29:43","slug":"tratamientos-faciales","status":"publish","type":"page","link":"https:\/\/curewmc.com\/?page_id=673&lang=es","title":{"rendered":"Tratamientos Faciales"},"content":{"rendered":"\n<p>Ofrecemos una amplia variedad de tratamientos faciales dise\u00f1ados para mejorar tu aspecto y aumentar tu confianza! Si est\u00e1s buscando un tratamiento para reducir las l\u00edneas de expresi\u00f3n y arrugas en la cara, el <strong>Botox <\/strong>es una excelente opci\u00f3n. Este tratamiento consiste en inyectar una prote\u00edna purificada para reducir temporalmente la actividad muscular y lograr un aspecto m\u00e1s juvenil.<\/p>\n\n\n\n<p>Tambi\u00e9n ofrecemos <strong>Filler<\/strong>, un tratamiento para agregar volumen y rellenar las \u00e1reas del rostro que han perdido volumen debido al envejecimiento. Esto puede ayudar a mejorar el aspecto de las mejillas, los labios y las l\u00edneas de marioneta.<\/p>\n\n\n\n<p>Si buscas un aumento de labios m\u00e1s definido y con m\u00e1s volumen, nuestra <strong>Lip Augmentation <\/strong>es la elecci\u00f3n perfecta para ti. Podemos personalizar el tratamiento para asegurarnos de que obtengas el resultado que deseas.<\/p>\n\n\n\n<p>Para aquellos que buscan mejorar el aspecto de sus labios con un toque de color, ofrecemos <strong>Lip Micropigmentation<\/strong>. Esta t\u00e9cnica utiliza pigmentos semipermanentes para dar forma y color a tus labios, lo que puede ahorrarte tiempo y dinero en maquillaje a largo plazo.<\/p>\n\n\n\n<p>Por \u00faltimo, ofrecemos <strong>Platelet-Rich Plasma (PRP) Therapy, <\/strong>una t\u00e9cnica que utiliza tus propias plaquetas sangu\u00edneas para rejuvenecer la piel y reducir la apariencia de las arrugas. Este tratamiento tambi\u00e9n puede ayudar a mejorar la textura y el tono de la piel.<\/p>\n\n\n\n<p>Ya sea que busques reducir las l\u00edneas de expresi\u00f3n, agregar volumen o mejorar el color y la forma de tus labios, nuestros tratamientos faciales pueden ayudarte a lograr el aspecto que deseas.<\/p>\n\n\n\n<p> <strong>\u00a1Agenda tu cita hoy y d\u00e9janos ayudarte a sentirte m\u00e1s seguro y hermoso\/a!<\/strong><br><br>Para ver m\u00e1s informaci\u00f3n, clic para ver<\/p>\n\n\n\n<p><a href=\"http:\/\/cwmc-ecommerce.noesishosting.com\/?page_id=601&amp;lang=es\" data-type=\"URL\" data-id=\"http:\/\/cwmc-ecommerce.noesishosting.com\/?page_id=601&amp;lang=es\">1.<strong>&#8211; Botox <\/strong><\/a><\/p>\n\n\n\n<p><a href=\"http:\/\/cwmc-ecommerce.noesishosting.com\/?page_id=613\" data-type=\"URL\" data-id=\"http:\/\/cwmc-ecommerce.noesishosting.com\/?page_id=613\">2.- <strong>Fille<\/strong><\/a><strong><a href=\"http:\/\/cwmc-ecommerce.noesishosting.com\/?page_id=610&amp;lang=es\" data-type=\"URL\" data-id=\"http:\/\/cwmc-ecommerce.noesishosting.com\/?page_id=610&amp;lang=es\">r<\/a><\/strong><\/p>\n\n\n\n<p><a href=\"http:\/\/cwmc-ecommerce.noesishosting.com\/?page_id=623\" data-type=\"URL\" data-id=\"http:\/\/cwmc-ecommerce.noesishosting.com\/?page_id=623\">3<\/a><a href=\"http:\/\/cwmc-ecommerce.noesishosting.com\/?page_id=621&amp;lang=es3\" data-type=\"URL\" data-id=\"http:\/\/cwmc-ecommerce.noesishosting.com\/?page_id=621&amp;lang=es3\">.- <strong>Lip Micropigmentation<\/strong><\/a><\/p>\n\n\n\n<p><a href=\"http:\/\/cwmc-ecommerce.noesishosting.com\/?page_id=630&amp;lang=es\" data-type=\"URL\" data-id=\"http:\/\/cwmc-ecommerce.noesishosting.com\/?page_id=630&amp;lang=es\">4.- <strong>Lip Augmentation<\/strong><\/a><\/p>\n\n\n\n<p><a href=\"http:\/\/cwmc-ecommerce.noesishosting.com\/?page_id=658&amp;lang=es\" data-type=\"URL\" data-id=\"http:\/\/cwmc-ecommerce.noesishosting.com\/?page_id=658&amp;lang=es\">5.- <strong>Platelet-Rich Plasma (PRP) Therapy<\/strong><\/a><\/p>\n","protected":false},"excerpt":{"rendered":"<p>Ofrecemos una amplia variedad de tratamientos faciales dise\u00f1ados para mejorar tu aspecto y aumentar tu confianza! Si est\u00e1s buscando un<span class=\"exprt-dot\"><\/span><\/p>\n","protected":false},"author":1,"featured_media":710,"parent":0,"menu_order":0,"comment_status":"closed","ping_status":"closed","template":"","meta":{"_joinchat":[],"footnotes":""},"class_list":["post-673","page","type-page","status-publish","has-post-thumbnail","hentry"],"_links":{"self":[{"href":"https:\/\/curewmc.com\/index.php?rest_route=\/wp\/v2\/pages\/673","targetHints":{"allow":["GET"]}}],"collection":[{"href":"https:\/\/curewmc.com\/index.php?rest_route=\/wp\/v2\/pages"}],"about":[{"href":"https:\/\/curewmc.com\/index.php?rest_route=\/wp\/v2\/types\/page"}],"author":[{"embeddable":true,"href":"https:\/\/curewmc.com\/index.php?rest_route=\/wp\/v2\/users\/1"}],"replies":[{"embeddable":true,"href":"https:\/\/curewmc.com\/index.php?rest_route=%2Fwp%2Fv2%2Fcomments&post=673"}],"version-history":[{"count":5,"href":"https:\/\/curewmc.com\/index.php?rest_route=\/wp\/v2\/pages\/673\/revisions"}],"predecessor-version":[{"id":697,"href":"https:\/\/curewmc.com\/index.php?rest_route=\/wp\/v2\/pages\/673\/revisions\/697"}],"wp:featuredmedia":[{"embeddable":true,"href":"https:\/\/curewmc.com\/index.php?rest_route=\/wp\/v2\/media\/710"}],"wp:attachment":[{"href":"https:\/\/curewmc.com\/index.php?rest_route=%2Fwp%2Fv2%2Fmedia&parent=673"}],"curies":[{"name":"wp","href":"https:\/\/api.w.org\/{rel}","templated":true}]}}