{"id":681,"date":"2023-04-10T09:36:12","date_gmt":"2023-04-10T14:36:12","guid":{"rendered":"https:\/\/curewmc.com\/?page_id=681"},"modified":"2023-04-10T10:28:12","modified_gmt":"2023-04-10T15:28:12","slug":"tratamientos-corporales","status":"publish","type":"page","link":"https:\/\/curewmc.com\/?page_id=681&lang=es","title":{"rendered":"Tratamientos Corporales"},"content":{"rendered":"\n<p>En Cure Wellness Medical, ofrecemos una variedad de tratamientos corporales para ayudarte a lucir y sentirte mejor. Nuestros servicios incluyen:<\/p>\n\n\n\n<p>1.- <a href=\"http:\/\/cwmc-ecommerce.noesishosting.com\/?page_id=639&amp;lang=es\" data-type=\"URL\" data-id=\"http:\/\/cwmc-ecommerce.noesishosting.com\/?page_id=639&amp;lang=es\"><strong>Morpheus8: <\/strong><\/a>Este tratamiento fraccionado de radiofrecuencia puede ayudar a tensar la piel y reducir las arrugas en \u00e1reas del cuerpo como el abdomen, los muslos y los brazos.<\/p>\n\n\n\n<p>2.-<a href=\"http:\/\/cwmc-ecommerce.noesishosting.com\/?page_id=649&amp;lang=es\" data-type=\"URL\" data-id=\"http:\/\/cwmc-ecommerce.noesishosting.com\/?page_id=649&amp;lang=es\"><strong> Programa de p\u00e9rdida de pes<\/strong>o<\/a>: Nuestro programa de p\u00e9rdida de peso est\u00e1 dise\u00f1ado para ayudarte a perder peso de manera saludable y sostenible.<\/p>\n\n\n\n<p>3.- <strong><a href=\"http:\/\/cwmc-ecommerce.noesishosting.com\/?page_id=559&amp;lang=es\" data-type=\"URL\" data-id=\"http:\/\/cwmc-ecommerce.noesishosting.com\/?page_id=559&amp;lang=es\">Hormonal (TRH)<\/a>:<\/strong> Ofrecemos terapia hormonal para ayudar a equilibrar tus hormonas y mejorar tu salud en general.<\/p>\n\n\n\n<p>4.-<strong> <a href=\"http:\/\/cwmc-ecommerce.noesishosting.com\/?page_id=567&amp;lang=es\" data-type=\"URL\" data-id=\"http:\/\/cwmc-ecommerce.noesishosting.com\/?page_id=567&amp;lang=es\">C\u00f3ctel de vitaminas IV de energ\u00eda y desintoxicaci\u00f3n:<\/a><\/strong> Nuestros c\u00f3cteles de vitaminas IV son una excelente manera de aumentar tu energ\u00eda y desintoxicar tu cuerpo.<\/p>\n\n\n\n<p>5.- <a href=\"http:\/\/cwmc-ecommerce.noesishosting.com\/?page_id=538&amp;lang=es\" data-type=\"URL\" data-id=\"http:\/\/cwmc-ecommerce.noesishosting.com\/?page_id=538&amp;lang=es\"><strong>Depilaci\u00f3n l\u00e1ser: <\/strong><\/a>Nuestro tratamiento de depilaci\u00f3n l\u00e1ser puede ayudarte a eliminar el vello no deseado en varias partes de tu cuerpo.<\/p>\n\n\n\n<p><strong>6.- <a href=\"http:\/\/cwmc-ecommerce.noesishosting.com\/?page_id=59&amp;lang=es\" data-type=\"URL\" data-id=\"http:\/\/cwmc-ecommerce.noesishosting.com\/?page_id=59&amp;lang=es\">Terapia f\u00edsica<\/a><\/strong><a href=\"http:\/\/cwmc-ecommerce.noesishosting.com\/?page_id=59&amp;lang=es\" data-type=\"URL\" data-id=\"http:\/\/cwmc-ecommerce.noesishosting.com\/?page_id=59&amp;lang=es\">: <\/a>Nuestros servicios de terapia f\u00edsica pueden ayudarte a recuperarte de lesiones, manejar el dolor cr\u00f3nico y mejorar tu movilidad.<\/p>\n\n\n\n<p>No importa cu\u00e1les sean tus objetivos corporales, estamos aqu\u00ed para ayudarte a alcanzarlos. Nuestros servicios son seguros, efectivos y adaptados para satisfacer tus necesidades individuales<strong>. Cont\u00e1ctanos hoy para programar una consulta y comenzar tu camino hacia una vida m\u00e1s saludable y feliz.<\/strong><\/p>\n","protected":false},"excerpt":{"rendered":"<p>En Cure Wellness Medical, ofrecemos una variedad de tratamientos corporales para ayudarte a lucir y sentirte mejor. Nuestros servicios incluyen:<span class=\"exprt-dot\"><\/span><\/p>\n","protected":false},"author":1,"featured_media":709,"parent":0,"menu_order":0,"comment_status":"closed","ping_status":"closed","template":"","meta":{"_joinchat":[],"footnotes":""},"class_list":["post-681","page","type-page","status-publish","has-post-thumbnail","hentry"],"_links":{"self":[{"href":"https:\/\/curewmc.com\/index.php?rest_route=\/wp\/v2\/pages\/681","targetHints":{"allow":["GET"]}}],"collection":[{"href":"https:\/\/curewmc.com\/index.php?rest_route=\/wp\/v2\/pages"}],"about":[{"href":"https:\/\/curewmc.com\/index.php?rest_route=\/wp\/v2\/types\/page"}],"author":[{"embeddable":true,"href":"https:\/\/curewmc.com\/index.php?rest_route=\/wp\/v2\/users\/1"}],"replies":[{"embeddable":true,"href":"https:\/\/curewmc.com\/index.php?rest_route=%2Fwp%2Fv2%2Fcomments&post=681"}],"version-history":[{"count":3,"href":"https:\/\/curewmc.com\/index.php?rest_route=\/wp\/v2\/pages\/681\/revisions"}],"predecessor-version":[{"id":706,"href":"https:\/\/curewmc.com\/index.php?rest_route=\/wp\/v2\/pages\/681\/revisions\/706"}],"wp:featuredmedia":[{"embeddable":true,"href":"https:\/\/curewmc.com\/index.php?rest_route=\/wp\/v2\/media\/709"}],"wp:attachment":[{"href":"https:\/\/curewmc.com\/index.php?rest_route=%2Fwp%2Fv2%2Fmedia&parent=681"}],"curies":[{"name":"wp","href":"https:\/\/api.w.org\/{rel}","templated":true}]}}