{"id":729,"date":"2023-04-11T08:39:57","date_gmt":"2023-04-11T13:39:57","guid":{"rendered":"https:\/\/curewmc.com\/?page_id=729"},"modified":"2023-04-11T08:42:35","modified_gmt":"2023-04-11T13:42:35","slug":"terapia-de-perdida-de-peso-por-via-intravenosa","status":"publish","type":"page","link":"https:\/\/curewmc.com\/?page_id=729&lang=es","title":{"rendered":"Terapia de p\u00e9rdida de peso por v\u00eda intravenosa"},"content":{"rendered":"\n<p>La terapia de p\u00e9rdida de peso por v\u00eda intravenosa es un tipo de terapia intravenosa que implica la administraci\u00f3n de una mezcla de vitaminas, minerales, amino\u00e1cidos y otros nutrientes directamente en el torrente sangu\u00edneo para ayudar en la p\u00e9rdida de peso. Esta terapia tiene como objetivo mejorar el metabolismo del cuerpo, reducir los antojos y proporcionar energ\u00eda para la actividad f\u00edsica.<\/p>\n\n\n\n<p>Si bien la terapia de p\u00e9rdida de peso por v\u00eda intravenosa puede proporcionar algunos beneficios para la p\u00e9rdida de peso, no debe usarse como el \u00fanico m\u00e9todo para perder peso. Es importante combinar la terapia intravenosa con una dieta saludable y ejercicio regular para lograr una p\u00e9rdida de peso sostenible.<\/p>\n\n\n\n<p>Adem\u00e1s, la terapia de p\u00e9rdida de peso por v\u00eda intravenosa solo debe ser administrada por un profesional de la salud calificado en un entorno cl\u00ednico. No se recomienda someterse a esta terapia sin supervisi\u00f3n m\u00e9dica o sin consultar primero con un proveedor de atenci\u00f3n m\u00e9dica.<\/p>\n\n\n\n<p><strong>Terapia IV B-Lean<\/strong><br>Dise\u00f1ada para ayudar a quemar grasa y aumentar el metabolismo, el kit de terapia IV B-Lean incluye seis tratamientos de compuestos de alta calidad, aprovechando los beneficios de las vitaminas B para aumentar los niveles de energ\u00eda y apoyar un metabolismo saludable.<\/p>\n\n\n\n<p><strong>B1, B2, B3, B5, B6&nbsp;<\/strong>\u2013 Una mezcla de vitaminas del complejo B que ayudan a convertir los nutrientes en energ\u00eda. L-Taurina \u2013 Un amino\u00e1cido que apoya la funci\u00f3n digestiva y puede aumentar la producci\u00f3n de energ\u00eda y el rendimiento f\u00edsico. Metil B12 \u2013 Un compuesto esencial para descomponer los \u00e1cidos grasos en energ\u00eda, la vitamina B12 puede aumentar los niveles de energ\u00eda y tener un efecto positivo en el estado de \u00e1nimo.<\/p>\n","protected":false},"excerpt":{"rendered":"<p>La terapia de p\u00e9rdida de peso por v\u00eda intravenosa es un tipo de terapia intravenosa que implica la administraci\u00f3n de<span class=\"exprt-dot\"><\/span><\/p>\n","protected":false},"author":1,"featured_media":731,"parent":0,"menu_order":0,"comment_status":"closed","ping_status":"closed","template":"","meta":{"_joinchat":[],"footnotes":""},"class_list":["post-729","page","type-page","status-publish","has-post-thumbnail","hentry"],"_links":{"self":[{"href":"https:\/\/curewmc.com\/index.php?rest_route=\/wp\/v2\/pages\/729","targetHints":{"allow":["GET"]}}],"collection":[{"href":"https:\/\/curewmc.com\/index.php?rest_route=\/wp\/v2\/pages"}],"about":[{"href":"https:\/\/curewmc.com\/index.php?rest_route=\/wp\/v2\/types\/page"}],"author":[{"embeddable":true,"href":"https:\/\/curewmc.com\/index.php?rest_route=\/wp\/v2\/users\/1"}],"replies":[{"embeddable":true,"href":"https:\/\/curewmc.com\/index.php?rest_route=%2Fwp%2Fv2%2Fcomments&post=729"}],"version-history":[{"count":1,"href":"https:\/\/curewmc.com\/index.php?rest_route=\/wp\/v2\/pages\/729\/revisions"}],"predecessor-version":[{"id":730,"href":"https:\/\/curewmc.com\/index.php?rest_route=\/wp\/v2\/pages\/729\/revisions\/730"}],"wp:featuredmedia":[{"embeddable":true,"href":"https:\/\/curewmc.com\/index.php?rest_route=\/wp\/v2\/media\/731"}],"wp:attachment":[{"href":"https:\/\/curewmc.com\/index.php?rest_route=%2Fwp%2Fv2%2Fmedia&parent=729"}],"curies":[{"name":"wp","href":"https:\/\/api.w.org\/{rel}","templated":true}]}}