{"id":738,"date":"2023-04-11T08:49:07","date_gmt":"2023-04-11T13:49:07","guid":{"rendered":"https:\/\/curewmc.com\/?page_id=738"},"modified":"2023-04-11T08:49:08","modified_gmt":"2023-04-11T13:49:08","slug":"terapia-de-belleza-con-iv","status":"publish","type":"page","link":"https:\/\/curewmc.com\/?page_id=738&lang=es","title":{"rendered":"Terapia de Belleza con IV"},"content":{"rendered":"\n<p>\u00bfY si te digo que hay una t\u00e9cnica revolucionaria esper\u00e1ndote para hacer que tu piel est\u00e9 cristalina y radiante? Todos queremos tener una piel impecable y hermosa. A menudo luchamos para elegir entre muchos productos y tratamientos para nuestra piel para encontrar EL CORRECTO. La terapia IV de belleza se ha introducido como el tratamiento de belleza m\u00e1s r\u00e1pido y natural en la actualidad y casi ha cambiado la perspectiva de la industria de la belleza.<\/p>\n\n\n\n<p><strong>Biotina o B7:<\/strong>&nbsp;Tambi\u00e9n conocida como vitamina H. La funci\u00f3n principal de la biotina es ayudar a convertir los nutrientes digeridos en energ\u00eda. Es por eso que se usa ampliamente en las terapias IV nutricionales. Existen muchas pruebas de que la deficiencia de biotina puede da\u00f1ar la piel, el cabello y las u\u00f1as.<\/p>\n\n\n\n<p><strong>Vitamina C<\/strong>: protege la piel del da\u00f1o excesivo y la p\u00e9rdida de agua al estimular y promover la producci\u00f3n de col\u00e1geno en la piel, manteni\u00e9ndola firme y tersa desde adentro. Tambi\u00e9n aclara la tez reduciendo las manchas y otorga inmunidad a la piel para combatir infecciones cut\u00e1neas.<\/p>\n\n\n\n<p><strong>Vitamina B como tiamina B1, \u00e1cido pantot\u00e9nico B5 y niacina B3<\/strong>.<\/p>\n\n\n\n<p>Todos ayudan a curar la piel y satisfacer diferentes necesidades de la piel, como el control del acn\u00e9, el mantenimiento de la hidrataci\u00f3n y la provisi\u00f3n de inmunidad para combatir infecciones. La vitamina B6 ayuda a liberar el estr\u00e9s y mantener una buena noche de sue\u00f1o para evitar arrugas y ojeras en la piel.<\/p>\n","protected":false},"excerpt":{"rendered":"<p>\u00bfY si te digo que hay una t\u00e9cnica revolucionaria esper\u00e1ndote para hacer que tu piel est\u00e9 cristalina y radiante? Todos<span class=\"exprt-dot\"><\/span><\/p>\n","protected":false},"author":1,"featured_media":736,"parent":0,"menu_order":0,"comment_status":"closed","ping_status":"closed","template":"","meta":{"_joinchat":[],"footnotes":""},"class_list":["post-738","page","type-page","status-publish","has-post-thumbnail","hentry"],"_links":{"self":[{"href":"https:\/\/curewmc.com\/index.php?rest_route=\/wp\/v2\/pages\/738","targetHints":{"allow":["GET"]}}],"collection":[{"href":"https:\/\/curewmc.com\/index.php?rest_route=\/wp\/v2\/pages"}],"about":[{"href":"https:\/\/curewmc.com\/index.php?rest_route=\/wp\/v2\/types\/page"}],"author":[{"embeddable":true,"href":"https:\/\/curewmc.com\/index.php?rest_route=\/wp\/v2\/users\/1"}],"replies":[{"embeddable":true,"href":"https:\/\/curewmc.com\/index.php?rest_route=%2Fwp%2Fv2%2Fcomments&post=738"}],"version-history":[{"count":1,"href":"https:\/\/curewmc.com\/index.php?rest_route=\/wp\/v2\/pages\/738\/revisions"}],"predecessor-version":[{"id":739,"href":"https:\/\/curewmc.com\/index.php?rest_route=\/wp\/v2\/pages\/738\/revisions\/739"}],"wp:featuredmedia":[{"embeddable":true,"href":"https:\/\/curewmc.com\/index.php?rest_route=\/wp\/v2\/media\/736"}],"wp:attachment":[{"href":"https:\/\/curewmc.com\/index.php?rest_route=%2Fwp%2Fv2%2Fmedia&parent=738"}],"curies":[{"name":"wp","href":"https:\/\/api.w.org\/{rel}","templated":true}]}}