{"id":745,"date":"2023-04-11T08:52:38","date_gmt":"2023-04-11T13:52:38","guid":{"rendered":"https:\/\/curewmc.com\/?page_id=745"},"modified":"2023-04-11T08:52:39","modified_gmt":"2023-04-11T13:52:39","slug":"terapia-intravenosa-de-belleza-y-energia-plus","status":"publish","type":"page","link":"https:\/\/curewmc.com\/?page_id=745&lang=es","title":{"rendered":"Terapia intravenosa de belleza y energ\u00eda PLUS"},"content":{"rendered":"\n<p><\/p>\n\n\n\n<p>\u00bfQu\u00e9 pasar\u00eda si te digo que hay una t\u00e9cnica revolucionaria esper\u00e1ndote para que tu piel quede cristalina y radiante? Todos queremos tener una piel impecable y hermosa. A menudo luchamos por elegir entre muchos productos y tratamientos para la piel para encontrar el CORRECTO.<\/p>\n\n\n\n<p>Las terapias de belleza intravenosas se han introducido como los tratamientos de belleza m\u00e1s r\u00e1pidos y naturales en la actualidad y casi han cambiado la perspectiva de la industria de la belleza por completo. Biotina o B7: tambi\u00e9n se conoce como vitamina H. La funci\u00f3n principal de la biotina es ayudar a que los nutrientes digeridos se conviertan en energ\u00eda. Por eso se utiliza ampliamente en las terapias nutricionales intravenosas. Hay muchas pruebas de que la deficiencia de biotina puede da\u00f1ar la piel, el cabello y las u\u00f1as.<\/p>\n\n\n\n<p><strong>Vitamina C:<\/strong>&nbsp;protege la piel del exceso de da\u00f1o y p\u00e9rdida de agua estimulando y promoviendo la producci\u00f3n de col\u00e1geno en la piel, manteni\u00e9ndola firme y tersa desde el interior. Tambi\u00e9n aclara la tez reduciendo las manchas. Y otorga a la piel inmunidad para combatir las infecciones cut\u00e1neas.<\/p>\n\n\n\n<p>M<strong>ethyl B12:&nbsp;<\/strong>un compuesto esencial para descomponer los \u00e1cidos grasos en energ\u00eda, la vitamina B12 puede aumentar los niveles de energ\u00eda y tener un efecto estimulante en el estado de \u00e1nimo.<strong><\/strong><\/p>\n\n\n\n<p><strong>L-Taurina:<\/strong>&nbsp;un amino\u00e1cido que apoya la funci\u00f3n digestiva y puede aumentar la producci\u00f3n de energ\u00eda y el rendimiento durante el ejercicio.<\/p>\n\n\n\n<p><strong>Magnesio:<\/strong>&nbsp;mejora la salud del sistema nervioso en funcionamiento.<\/p>\n","protected":false},"excerpt":{"rendered":"<p>\u00bfQu\u00e9 pasar\u00eda si te digo que hay una t\u00e9cnica revolucionaria esper\u00e1ndote para que tu piel quede cristalina y radiante? Todos<span class=\"exprt-dot\"><\/span><\/p>\n","protected":false},"author":1,"featured_media":746,"parent":0,"menu_order":0,"comment_status":"closed","ping_status":"closed","template":"","meta":{"_joinchat":[],"footnotes":""},"class_list":["post-745","page","type-page","status-publish","has-post-thumbnail","hentry"],"_links":{"self":[{"href":"https:\/\/curewmc.com\/index.php?rest_route=\/wp\/v2\/pages\/745","targetHints":{"allow":["GET"]}}],"collection":[{"href":"https:\/\/curewmc.com\/index.php?rest_route=\/wp\/v2\/pages"}],"about":[{"href":"https:\/\/curewmc.com\/index.php?rest_route=\/wp\/v2\/types\/page"}],"author":[{"embeddable":true,"href":"https:\/\/curewmc.com\/index.php?rest_route=\/wp\/v2\/users\/1"}],"replies":[{"embeddable":true,"href":"https:\/\/curewmc.com\/index.php?rest_route=%2Fwp%2Fv2%2Fcomments&post=745"}],"version-history":[{"count":1,"href":"https:\/\/curewmc.com\/index.php?rest_route=\/wp\/v2\/pages\/745\/revisions"}],"predecessor-version":[{"id":747,"href":"https:\/\/curewmc.com\/index.php?rest_route=\/wp\/v2\/pages\/745\/revisions\/747"}],"wp:featuredmedia":[{"embeddable":true,"href":"https:\/\/curewmc.com\/index.php?rest_route=\/wp\/v2\/media\/746"}],"wp:attachment":[{"href":"https:\/\/curewmc.com\/index.php?rest_route=%2Fwp%2Fv2%2Fmedia&parent=745"}],"curies":[{"name":"wp","href":"https:\/\/api.w.org\/{rel}","templated":true}]}}