{"id":773,"date":"2023-04-11T09:31:08","date_gmt":"2023-04-11T14:31:08","guid":{"rendered":"https:\/\/curewmc.com\/?page_id=773"},"modified":"2023-04-11T17:07:42","modified_gmt":"2023-04-11T22:07:42","slug":"la-inyeccion-de-lipo-b-shot-mic","status":"publish","type":"page","link":"https:\/\/curewmc.com\/?page_id=773&lang=es","title":{"rendered":"La inyecci\u00f3n de Lipo-B Shot (MIC)"},"content":{"rendered":"\n<p><strong>La inyecci\u00f3n de Lipo-B Shot (MIC)<\/strong> es una mezcla espec\u00edfica de compuestos estrechamente relacionados con las vitaminas B que pueden ayudar a reducir el exceso de grasa en ciertas \u00e1reas del cuerpo, as\u00ed como aumentar la actividad metab\u00f3lica y la energ\u00eda.<\/p>\n\n\n\n<p>Las inyecciones de Lipo-B son una opci\u00f3n popular para cualquier persona que necesite un poco m\u00e1s de vitamina B en su vida. Por lo general, se obtiene vitamina B de diferentes alimentos, pero puede ser dif\u00edcil comer una dieta equilibrada llena de alimentos naturales para obtener suficiente vitamina B.<\/p>\n\n\n\n<p>Con las inyecciones de Lipo B, obtienes diferentes tipos de vitamina B, incluyendo ciertos tipos que pueden ser m\u00e1s dif\u00edciles de obtener solo con la dieta. Esta inyecci\u00f3n de Lipo-B est\u00e1 llena de vitamina B1, B2, B3, B5 y B5. Tambi\u00e9n tiene vitamina C, que es excelente para tu sistema inmunol\u00f3gico y tres amino\u00e1cidos diferentes. Estos \u00e1cidos ayudan a aumentar los niveles de energ\u00eda y promueven la p\u00e9rdida de grasa saludable.<\/p>\n","protected":false},"excerpt":{"rendered":"<p>La inyecci\u00f3n de Lipo-B Shot (MIC) es una mezcla espec\u00edfica de compuestos estrechamente relacionados con las vitaminas B que pueden<span class=\"exprt-dot\"><\/span><\/p>\n","protected":false},"author":1,"featured_media":746,"parent":0,"menu_order":0,"comment_status":"closed","ping_status":"closed","template":"","meta":{"_joinchat":[],"footnotes":""},"class_list":["post-773","page","type-page","status-publish","has-post-thumbnail","hentry"],"_links":{"self":[{"href":"https:\/\/curewmc.com\/index.php?rest_route=\/wp\/v2\/pages\/773","targetHints":{"allow":["GET"]}}],"collection":[{"href":"https:\/\/curewmc.com\/index.php?rest_route=\/wp\/v2\/pages"}],"about":[{"href":"https:\/\/curewmc.com\/index.php?rest_route=\/wp\/v2\/types\/page"}],"author":[{"embeddable":true,"href":"https:\/\/curewmc.com\/index.php?rest_route=\/wp\/v2\/users\/1"}],"replies":[{"embeddable":true,"href":"https:\/\/curewmc.com\/index.php?rest_route=%2Fwp%2Fv2%2Fcomments&post=773"}],"version-history":[{"count":1,"href":"https:\/\/curewmc.com\/index.php?rest_route=\/wp\/v2\/pages\/773\/revisions"}],"predecessor-version":[{"id":774,"href":"https:\/\/curewmc.com\/index.php?rest_route=\/wp\/v2\/pages\/773\/revisions\/774"}],"wp:featuredmedia":[{"embeddable":true,"href":"https:\/\/curewmc.com\/index.php?rest_route=\/wp\/v2\/media\/746"}],"wp:attachment":[{"href":"https:\/\/curewmc.com\/index.php?rest_route=%2Fwp%2Fv2%2Fmedia&parent=773"}],"curies":[{"name":"wp","href":"https:\/\/api.w.org\/{rel}","templated":true}]}}