{"id":776,"date":"2023-04-11T09:32:40","date_gmt":"2023-04-11T14:32:40","guid":{"rendered":"https:\/\/curewmc.com\/?page_id=776"},"modified":"2023-04-11T17:16:45","modified_gmt":"2023-04-11T22:16:45","slug":"inyeccion-para-la-perdida-de-peso-y-energia-de-b12","status":"publish","type":"page","link":"https:\/\/curewmc.com\/?page_id=776&lang=es","title":{"rendered":"Inyecci\u00f3n para la p\u00e9rdida de peso y energ\u00eda de B12"},"content":{"rendered":"\n<p><\/p>\n\n\n\n<p><strong>La cianocobalamina<\/strong> es una forma sint\u00e9tica de vitamina B12 utilizada para tratar los bajos niveles (deficiencia) de esta vitamina. La vitamina B12 ayuda al cuerpo a utilizar la grasa y los carbohidratos para obtener energ\u00eda y crear nuevas prote\u00ednas. Tambi\u00e9n es importante para la sangre, las c\u00e9lulas y los nervios normales. La mayor\u00eda de las personas obtienen suficiente vitamina B12 en su dieta, pero puede ocurrir una deficiencia en ciertas condiciones de salud (como una mala nutrici\u00f3n, problemas estomacales\/intestinales, infecciones o c\u00e1ncer). Una deficiencia grave de vitamina B12 puede causar anemia, problemas estomacales y da\u00f1o nervioso.<\/p>\n","protected":false},"excerpt":{"rendered":"<p>La cianocobalamina es una forma sint\u00e9tica de vitamina B12 utilizada para tratar los bajos niveles (deficiencia) de esta vitamina. La<span class=\"exprt-dot\"><\/span><\/p>\n","protected":false},"author":1,"featured_media":793,"parent":0,"menu_order":0,"comment_status":"closed","ping_status":"closed","template":"","meta":{"_joinchat":[],"footnotes":""},"class_list":["post-776","page","type-page","status-publish","has-post-thumbnail","hentry"],"_links":{"self":[{"href":"https:\/\/curewmc.com\/index.php?rest_route=\/wp\/v2\/pages\/776","targetHints":{"allow":["GET"]}}],"collection":[{"href":"https:\/\/curewmc.com\/index.php?rest_route=\/wp\/v2\/pages"}],"about":[{"href":"https:\/\/curewmc.com\/index.php?rest_route=\/wp\/v2\/types\/page"}],"author":[{"embeddable":true,"href":"https:\/\/curewmc.com\/index.php?rest_route=\/wp\/v2\/users\/1"}],"replies":[{"embeddable":true,"href":"https:\/\/curewmc.com\/index.php?rest_route=%2Fwp%2Fv2%2Fcomments&post=776"}],"version-history":[{"count":1,"href":"https:\/\/curewmc.com\/index.php?rest_route=\/wp\/v2\/pages\/776\/revisions"}],"predecessor-version":[{"id":777,"href":"https:\/\/curewmc.com\/index.php?rest_route=\/wp\/v2\/pages\/776\/revisions\/777"}],"wp:featuredmedia":[{"embeddable":true,"href":"https:\/\/curewmc.com\/index.php?rest_route=\/wp\/v2\/media\/793"}],"wp:attachment":[{"href":"https:\/\/curewmc.com\/index.php?rest_route=%2Fwp%2Fv2%2Fmedia&parent=776"}],"curies":[{"name":"wp","href":"https:\/\/api.w.org\/{rel}","templated":true}]}}