{"id":840,"date":"2023-11-01T13:41:10","date_gmt":"2023-11-01T18:41:10","guid":{"rendered":"https:\/\/curewmc.com\/?page_id=840"},"modified":"2023-11-01T13:47:36","modified_gmt":"2023-11-01T18:47:36","slug":"politicas-de-privacidad","status":"publish","type":"page","link":"https:\/\/curewmc.com\/?page_id=840&lang=es","title":{"rendered":"Pol\u00edticas de Privacidad"},"content":{"rendered":"\n<p class=\"has-text-align-left\">Bienvenido a Cure Wellness Medical Center (\u201cCure WMC\u201d, \u201cnosotros\u201d, \u201cnuestro\u201d o \u201cnuestra\u201d). Estamos comprometidos a proteger su informaci\u00f3n personal y respetar su privacidad. Esta Pol\u00edtica de Privacidad describe c\u00f3mo recopilamos, utilizamos y protegemos la informaci\u00f3n que nos proporciona cuando visita nuestro sitio web <a href=\"http:\/\/cwmc-ecommerce.noesishosting.com\/\">www.curewmc.com<\/a> o utiliza nuestros servicios.<\/p>\n\n\n\n<p><strong>Informaci\u00f3n que Recopilamos:<\/strong> Podemos recopilar informaci\u00f3n personal que usted nos proporciona directamente, como su nombre, direcci\u00f3n de correo electr\u00f3nico, n\u00famero de tel\u00e9fono y cualquier otra informaci\u00f3n que elija proporcionar cuando utilice nuestro Sitio, complete un formulario o se comunique con nosotros. Tambi\u00e9n podemos recopilar informaci\u00f3n relacionada con su salud si decide compartirla con nosotros.<\/p>\n\n\n\n<p><strong>C\u00f3mo Utilizamos su Informaci\u00f3n<\/strong>: Utilizamos la informaci\u00f3n que recopilamos para proporcionar, mantener y mejorar nuestros servicios, comunicarnos con usted, monitorear y analizar tendencias, usos y actividades en relaci\u00f3n con nuestros servicios, y detectar, investigar y prevenir transacciones fraudulentas y otras actividades ilegales.<\/p>\n\n\n\n<p>Tambi\u00e9n podemos utilizar su n\u00famero de tel\u00e9fono para enviarle mensajes de texto con su consentimiento. Estos mensajes pueden incluir recordatorios de citas, consejos de salud u otra informaci\u00f3n relacionada con su bienestar. Puede optar por no recibir mensajes de texto de nuestra parte en cualquier momento respondiendo &#8220;STOP&#8221; a cualquier mensaje.<\/p>\n\n\n\n<p><strong>Compartir y Divulgar Informaci\u00f3n<\/strong>: No compartimos su informaci\u00f3n personal con terceros con fines de marketing sin su consentimiento expl\u00edcito. Podemos divulgar su informaci\u00f3n personal a terceros en las siguientes circunstancias:<\/p>\n\n\n\n<p>Para cumplir con obligaciones legales o proteger los derechos, propiedad o seguridad de Cure WMC, nuestros clientes u otros. A proveedores de servicios, contratistas y otros terceros que utilizamos para respaldar nuestro negocio y que est\u00e1n obligados por obligaciones contractuales a mantener la informaci\u00f3n personal en confidencialidad y utilizarla solo para los fines para los cuales se la divulgamos. En caso de una fusi\u00f3n, adquisici\u00f3n o venta de la totalidad o parte de nuestros activos, su informaci\u00f3n personal puede ser transferida como parte de esa transacci\u00f3n.<\/p>\n\n\n\n<p><strong>Seguridad de Datos<\/strong>: Tomamos en serio la seguridad de su informaci\u00f3n personal y utilizamos software certificado por HIPAA para la informaci\u00f3n y el registro con el fin de asegurar que sus datos se almacenen de manera segura y se protejan contra accesos no autorizados, divulgaci\u00f3n, alteraci\u00f3n y destrucci\u00f3n. Sin embargo, ning\u00fan m\u00e9todo de transmisi\u00f3n por internet o m\u00e9todo de almacenamiento electr\u00f3nico es 100% seguro y no podemos garantizar su seguridad absoluta.<\/p>\n\n\n\n<p><strong>Sus Opciones: <\/strong>Usted puede tener ciertos derechos con respecto a su informaci\u00f3n personal, incluido el derecho de acceder, corregir o eliminar la informaci\u00f3n que tenemos sobre usted. Para ejercer estos derechos, cont\u00e1ctenos en [su informaci\u00f3n de contacto].<\/p>\n\n\n\n<p><strong>Cambios en Nuestra Pol\u00edtica de Privacidad<\/strong>: Podemos actualizar nuestra Pol\u00edtica de Privacidad de vez en cuando. Le notificaremos cualquier cambio publicando la nueva Pol\u00edtica de Privacidad en esta p\u00e1gina y actualizando la fecha de &#8220;\u00daltima Actualizaci\u00f3n&#8221;. Le animamos a revisar nuestra Pol\u00edtica de Privacidad peri\u00f3dicamente para conocer los cambios.<\/p>\n\n\n\n<p>Cont\u00e1ctenos Si tiene alguna pregunta sobre esta Pol\u00edtica de Privacidad, cont\u00e1ctenos en <a rel=\"noreferrer noopener\" href=\"mailto:info@curewmc.com\" target=\"_blank\">info@curewmc.com<\/a><\/p>\n","protected":false},"excerpt":{"rendered":"<p>Bienvenido a Cure Wellness Medical Center (\u201cCure WMC\u201d, \u201cnosotros\u201d, \u201cnuestro\u201d o \u201cnuestra\u201d). Estamos comprometidos a proteger su informaci\u00f3n personal y<span class=\"exprt-dot\"><\/span><\/p>\n","protected":false},"author":1,"featured_media":0,"parent":0,"menu_order":0,"comment_status":"closed","ping_status":"closed","template":"","meta":{"_joinchat":[],"footnotes":""},"class_list":["post-840","page","type-page","status-publish","hentry"],"_links":{"self":[{"href":"https:\/\/curewmc.com\/index.php?rest_route=\/wp\/v2\/pages\/840","targetHints":{"allow":["GET"]}}],"collection":[{"href":"https:\/\/curewmc.com\/index.php?rest_route=\/wp\/v2\/pages"}],"about":[{"href":"https:\/\/curewmc.com\/index.php?rest_route=\/wp\/v2\/types\/page"}],"author":[{"embeddable":true,"href":"https:\/\/curewmc.com\/index.php?rest_route=\/wp\/v2\/users\/1"}],"replies":[{"embeddable":true,"href":"https:\/\/curewmc.com\/index.php?rest_route=%2Fwp%2Fv2%2Fcomments&post=840"}],"version-history":[{"count":3,"href":"https:\/\/curewmc.com\/index.php?rest_route=\/wp\/v2\/pages\/840\/revisions"}],"predecessor-version":[{"id":847,"href":"https:\/\/curewmc.com\/index.php?rest_route=\/wp\/v2\/pages\/840\/revisions\/847"}],"wp:attachment":[{"href":"https:\/\/curewmc.com\/index.php?rest_route=%2Fwp%2Fv2%2Fmedia&parent=840"}],"curies":[{"name":"wp","href":"https:\/\/api.w.org\/{rel}","templated":true}]}}